{"id":22845,"date":"2024-02-01T14:49:06","date_gmt":"2024-02-01T13:49:06","guid":{"rendered":"https:\/\/www.plus-de-bulles.com\/blog\/?page_id=22845"},"modified":"2024-06-24T14:39:34","modified_gmt":"2024-06-24T12:39:34","slug":"cgv","status":"publish","type":"page","link":"https:\/\/www.plus-de-bulles.it\/blog\/cgv\/","title":{"rendered":"Cgv"},"content":{"rendered":"\n[et_pb_section fb_built=&#8221;1&#8243; _builder_version=&#8221;4.23&#8243; _module_preset=&#8221;default&#8221; global_colors_info=&#8221;{}&#8221;][et_pb_row _builder_version=&#8221;4.23&#8243; _module_preset=&#8221;default&#8221; global_colors_info=&#8221;{}&#8221;][et_pb_column type=&#8221;4_4&#8243; _builder_version=&#8221;4.23&#8243; _module_preset=&#8221;default&#8221; hover_enabled=&#8221;0&#8243; global_colors_info=&#8221;{}&#8221; sticky_enabled=&#8221;0&#8243;][et_pb_text _builder_version=&#8221;4.23&#8243; _module_preset=&#8221;default&#8221; text_font_size=&#8221;15px&#8221; hover_enabled=&#8221;0&#8243; global_colors_info=&#8221;{}&#8221; sticky_enabled=&#8221;0&#8243;]<div class=\"page-header\"> <h1>Condizioni Generali di Vendita<\/h1> <\/div> <div class=\"post-body\"> <p>&nbsp;<\/p> <p>Il fatto che un internauta confermi il suo ordine sul sito Plus-de-Bulles.it comporta l&#8217;accettazione piena e intera delle presenti condizioni generali di vendita nella loro interezza.<\/p> <p>Il presente contratto sar\u00e0 regolato dalla legge francese. Per quanto riguarda i professionisti, i tribunali della sede sociale del sito Plus-de-Bulles.it sono gli unici competenti. Per quanto riguarda i privati, questi possono rivolgersi a loro scelta a una delle giurisdizioni territorialmente competenti ai sensi del codice di procedura civile o alla giurisdizione del luogo in cui risiedevano al momento dell&#8217;ordine.<\/p> <p>&nbsp;<\/p> <p><b>PRESA D&#8217;ORDINE<\/b><\/p> <p>Le informazioni fornite dall&#8217;acquirente al momento dell&#8217;ordine impegnano quest&#8217;ultimo: in caso di errore nella formulazione delle coordinate del destinatario, il venditore non potr\u00e0 essere ritenuto responsabile dell&#8217;impossibilit\u00e0 di consegnare il prodotto.<\/p> <p>Gli ordini sono definitivi solo quando sono stati confermati dal pagamento del prezzo da parte dell&#8217;acquirente.<\/p> <p>Tutte le nostre offerte sono valide entro i limiti delle scorte disponibili, senza impegno e salvo esaurimento scorte.<\/p> <p>Considerando il carattere raro o speculativo di alcuni prodotti, possono essere applicate restrizioni sulle quantit\u00e0 disponibili. In tal caso, la quantit\u00e0 disponibile si intende limitata per nucleo familiare (stesso nome, stesso indirizzo, stesso indirizzo e-mail, stesso titolare del conto o della carta di credito). Plus-de-Bulles.it si riserva quindi il diritto di rifiutare un ordine in caso di dubbio sull&#8217;esistenza di un ordine precedente su un tale prodotto.<\/p> <p>Plus-de-Bulles.it si riserva il diritto di rifiutare i benefici delle sue offerte a qualsiasi cliente che si riveli rivenditore professionale.<\/p> <p>&nbsp;<\/p> <p><b>CONSEGNA E RICEZIONE<\/b><\/p> <p>I vini vengono consegnati in casse di legno o in scatole da 6 bottiglie consegnabili in un&#8217;unica volta nello stesso luogo. Non sono accettati i seguenti indirizzi di consegna: casella postale, hotel, cedex, base militare.<\/p> <p>Plus-de-Bulles.it si impegna a fare tutto il possibile per consegnare i prodotti ordinati nel minor tempo possibile.<\/p> <p>I tempi medi di consegna sono specificati su ogni scheda prodotto e variano a seconda del paese di destinazione e della regione scelti dal cliente.<\/p> <p>La consegna viene effettuata entro il termine previsto mediante consegna diretta del prodotto al destinatario indicato, oppure, in caso di assenza, mediante avviso di messa a disposizione. Il cliente o il destinatario dispone di un termine di quindici (15) giorni per ritirare il pacco secondo le modalit\u00e0 indicate sull&#8217;avviso di passaggio. Decorso tale termine, l&#8217;ordine verr\u00e0 rispedito automaticamente alla societ\u00e0 Plus-de-Bulles.it che prender\u00e0 contatto con il cliente per definire le condizioni di una eventuale riconsegna. Le spese di gestione di questa nuova consegna saranno quindi fatturate al cliente ai costi reali delle spese di trasporto e di preparazione.<\/p> <p>&nbsp;<\/p> <p>Verificate sempre il vostro pacco all&#8217;arrivo e fate eventuali riserve al vettore in caso di mancanza o deterioramento.<\/p> <p>&nbsp;<\/p> <p><b>FACOLT\u00c0 DI RECESSO<\/b><\/p> <p>In applicazione del Codice del consumo, l&#8217;acquirente dispone di un termine di 14 giorni lavorativi dal ricevimento della sua ordinazione per segnalare il suo desiderio di restituire il prodotto al venditore. Dispone quindi, a partire da tale segnalazione, di 14 giorni lavorativi per restituire, a sue spese, i suoi prodotti, senza penalit\u00e0, ad eccezione delle spese di restituzione.<\/p> <p>&nbsp;<\/p> <p><b>PREZZO<\/b><\/p> <p>Il prezzo \u00e8 espresso in Euro.<\/p> <p>Il prezzo indicato sulle schede prodotto non comprende il trasporto.<\/p> <p>Il prezzo indicato nella conferma d&#8217;ordine da parte di Plus-de-Bulles.it \u00e8 il prezzo definitivo, espresso tutte le tasse comprese. Tale prezzo comprende il prezzo dei prodotti, le spese di manutenzione, di imballaggio e di conservazione dei prodotti, e di trasporto.<\/p> <p>I prezzi indicati si intendono tutte le tasse comprese (prezzo IVA inclusa) Italia (IVA al 22%) escluso il trasporto.<\/p> <p>&nbsp;<\/p> <p><b>PAGAMENTO<\/b><\/p> <p>Il pagamento dei prodotti pu\u00f2 essere effettuato tramite bonifico bancario o carta di credito. Una fattura sar\u00e0 emessa da Plus de Bulles e inviata al cliente al suo indirizzo di fatturazione.<\/p> <p>I vini rimangono di propriet\u00e0 del sito Plus-de-Bulles.com fino al pagamento integrale delle fatture.<\/p> <p>&nbsp;<\/p> <p><b>CONTROVERSIE<\/b><\/p> <p><span>I reclami o le contestazioni saranno sempre accolti con benevola attenzione, presupponendo sempre la buona fede di chi si prende la briga di esporre le proprie situazioni.<\/span><\/p> <p>In caso di controversia, il cliente si rivolger\u00e0 in via prioritaria all&#8217;azienda per ottenere una soluzione amichevole.<\/p> <\/div>[\/et_pb_text][\/et_pb_column][\/et_pb_row][\/et_pb_section]\n","protected":false},"excerpt":{"rendered":"<p>Condizioni Generali di Vendita &nbsp; Il fatto che un internauta confermi il suo ordine sul sito Plus-de-Bulles.it comporta l&#8217;accettazione piena e intera delle presenti condizioni generali di vendita nella loro interezza. Il presente contratto sar\u00e0 regolato dalla legge francese. Per quanto riguarda i professionisti, i tribunali della sede sociale del sito Plus-de-Bulles.it sono gli unici [&hellip;]<\/p>\n","protected":false},"author":2,"featured_media":0,"parent":0,"menu_order":0,"comment_status":"closed","ping_status":"closed","template":"","meta":{"_et_pb_use_builder":"on","_et_pb_old_content":"","_et_gb_content_width":"","footnotes":""},"yoast_head":"<!-- This site is optimized with the Yoast SEO plugin v20.4 - https:\/\/yoast.com\/wordpress\/plugins\/seo\/ -->\n<title>Cgv<\/title>\n<meta name=\"robots\" content=\"index, follow, max-snippet:-1, max-image-preview:large, max-video-preview:-1\" \/>\n<link rel=\"canonical\" href=\"https:\/\/www.plus-de-bulles.it\/blog\/cgv\/\" \/>\n<meta property=\"og:locale\" content=\"it_IT\" \/>\n<meta property=\"og:type\" content=\"article\" \/>\n<meta property=\"og:title\" content=\"Cgv\" \/>\n<meta property=\"og:description\" content=\"Condizioni Generali di Vendita &nbsp; Il fatto che un internauta confermi il suo ordine sul sito Plus-de-Bulles.it comporta l&#039;accettazione piena e intera delle presenti condizioni generali di vendita nella loro interezza. Il presente contratto sar\u00e0 regolato dalla legge francese. Per quanto riguarda i professionisti, i tribunali della sede sociale del sito Plus-de-Bulles.it sono gli unici [&hellip;]\" \/>\n<meta property=\"og:url\" content=\"https:\/\/www.plus-de-bulles.it\/blog\/cgv\/\" \/>\n<meta property=\"og:site_name\" content=\"Pi\u00f9 consigli su Bulles\" \/>\n<meta property=\"article:modified_time\" content=\"2024-06-24T12:39:34+00:00\" \/>\n<meta name=\"twitter:card\" content=\"summary_large_image\" \/>\n<meta name=\"twitter:label1\" content=\"Est. reading time\" \/>\n\t<meta name=\"twitter:data1\" content=\"4 minuti\" \/>\n<script type=\"application\/ld+json\" class=\"yoast-schema-graph\">{\"@context\":\"https:\/\/schema.org\",\"@graph\":[{\"@type\":\"WebPage\",\"@id\":\"https:\/\/www.plus-de-bulles.it\/blog\/cgv\/\",\"url\":\"https:\/\/www.plus-de-bulles.it\/blog\/cgv\/\",\"name\":\"Cgv\",\"isPartOf\":{\"@id\":\"https:\/\/www.plus-de-bulles.it\/blog\/#website\"},\"datePublished\":\"2024-02-01T13:49:06+00:00\",\"dateModified\":\"2024-06-24T12:39:34+00:00\",\"breadcrumb\":{\"@id\":\"https:\/\/www.plus-de-bulles.it\/blog\/cgv\/#breadcrumb\"},\"inLanguage\":\"it-IT\",\"potentialAction\":[{\"@type\":\"ReadAction\",\"target\":[\"https:\/\/www.plus-de-bulles.it\/blog\/cgv\/\"]}]},{\"@type\":\"BreadcrumbList\",\"@id\":\"https:\/\/www.plus-de-bulles.it\/blog\/cgv\/#breadcrumb\",\"itemListElement\":[{\"@type\":\"ListItem\",\"position\":1,\"name\":\"Home\",\"item\":\"https:\/\/www.plus-de-bulles.it\/blog\/\"},{\"@type\":\"ListItem\",\"position\":2,\"name\":\"Cgv\"}]},{\"@type\":\"WebSite\",\"@id\":\"https:\/\/www.plus-de-bulles.it\/blog\/#website\",\"url\":\"https:\/\/www.plus-de-bulles.it\/blog\/\",\"name\":\"Pi\u00f9 consigli su Bulles\",\"description\":\"\",\"potentialAction\":[{\"@type\":\"SearchAction\",\"target\":{\"@type\":\"EntryPoint\",\"urlTemplate\":\"https:\/\/www.plus-de-bulles.it\/blog\/?s={search_term_string}\"},\"query-input\":\"required name=search_term_string\"}],\"inLanguage\":\"it-IT\"}]}<\/script>\n<!-- \/ Yoast SEO plugin. -->","yoast_head_json":{"title":"Cgv","robots":{"index":"index","follow":"follow","max-snippet":"max-snippet:-1","max-image-preview":"max-image-preview:large","max-video-preview":"max-video-preview:-1"},"canonical":"https:\/\/www.plus-de-bulles.it\/blog\/cgv\/","og_locale":"it_IT","og_type":"article","og_title":"Cgv","og_description":"Condizioni Generali di Vendita &nbsp; Il fatto che un internauta confermi il suo ordine sul sito Plus-de-Bulles.it comporta l'accettazione piena e intera delle presenti condizioni generali di vendita nella loro interezza. Il presente contratto sar\u00e0 regolato dalla legge francese. Per quanto riguarda i professionisti, i tribunali della sede sociale del sito Plus-de-Bulles.it sono gli unici [&hellip;]","og_url":"https:\/\/www.plus-de-bulles.it\/blog\/cgv\/","og_site_name":"Pi\u00f9 consigli su Bulles","article_modified_time":"2024-06-24T12:39:34+00:00","twitter_card":"summary_large_image","twitter_misc":{"Est. reading time":"4 minuti"},"schema":{"@context":"https:\/\/schema.org","@graph":[{"@type":"WebPage","@id":"https:\/\/www.plus-de-bulles.it\/blog\/cgv\/","url":"https:\/\/www.plus-de-bulles.it\/blog\/cgv\/","name":"Cgv","isPartOf":{"@id":"https:\/\/www.plus-de-bulles.it\/blog\/#website"},"datePublished":"2024-02-01T13:49:06+00:00","dateModified":"2024-06-24T12:39:34+00:00","breadcrumb":{"@id":"https:\/\/www.plus-de-bulles.it\/blog\/cgv\/#breadcrumb"},"inLanguage":"it-IT","potentialAction":[{"@type":"ReadAction","target":["https:\/\/www.plus-de-bulles.it\/blog\/cgv\/"]}]},{"@type":"BreadcrumbList","@id":"https:\/\/www.plus-de-bulles.it\/blog\/cgv\/#breadcrumb","itemListElement":[{"@type":"ListItem","position":1,"name":"Home","item":"https:\/\/www.plus-de-bulles.it\/blog\/"},{"@type":"ListItem","position":2,"name":"Cgv"}]},{"@type":"WebSite","@id":"https:\/\/www.plus-de-bulles.it\/blog\/#website","url":"https:\/\/www.plus-de-bulles.it\/blog\/","name":"Pi\u00f9 consigli su Bulles","description":"","potentialAction":[{"@type":"SearchAction","target":{"@type":"EntryPoint","urlTemplate":"https:\/\/www.plus-de-bulles.it\/blog\/?s={search_term_string}"},"query-input":"required name=search_term_string"}],"inLanguage":"it-IT"}]}},"_links":{"self":[{"href":"https:\/\/www.plus-de-bulles.it\/blog\/wp-json\/wp\/v2\/pages\/22845"}],"collection":[{"href":"https:\/\/www.plus-de-bulles.it\/blog\/wp-json\/wp\/v2\/pages"}],"about":[{"href":"https:\/\/www.plus-de-bulles.it\/blog\/wp-json\/wp\/v2\/types\/page"}],"author":[{"embeddable":true,"href":"https:\/\/www.plus-de-bulles.it\/blog\/wp-json\/wp\/v2\/users\/2"}],"replies":[{"embeddable":true,"href":"https:\/\/www.plus-de-bulles.it\/blog\/wp-json\/wp\/v2\/comments?post=22845"}],"version-history":[{"count":3,"href":"https:\/\/www.plus-de-bulles.it\/blog\/wp-json\/wp\/v2\/pages\/22845\/revisions"}],"predecessor-version":[{"id":26199,"href":"https:\/\/www.plus-de-bulles.it\/blog\/wp-json\/wp\/v2\/pages\/22845\/revisions\/26199"}],"wp:attachment":[{"href":"https:\/\/www.plus-de-bulles.it\/blog\/wp-json\/wp\/v2\/media?parent=22845"}],"curies":[{"name":"wp","href":"https:\/\/api.w.org\/{rel}","templated":true}]}}