{"id":22834,"date":"2024-02-01T14:41:31","date_gmt":"2024-02-01T13:41:31","guid":{"rendered":"https:\/\/www.plus-de-bulles.com\/blog\/?page_id=22834"},"modified":"2024-06-24T14:40:10","modified_gmt":"2024-06-24T12:40:10","slug":"eletto-miglior-cavista-champagne-da-gault-et-millau","status":"publish","type":"page","link":"https:\/\/www.plus-de-bulles.it\/blog\/eletto-miglior-cavista-champagne-da-gault-et-millau\/","title":{"rendered":"Eletto miglior cavista di champagne da Gault et Millau"},"content":{"rendered":"\n[et_pb_section fb_built=&#8221;1&#8243; _builder_version=&#8221;4.23&#8243; _module_preset=&#8221;default&#8221; global_colors_info=&#8221;{}&#8221;][et_pb_row _builder_version=&#8221;4.23&#8243; _module_preset=&#8221;default&#8221; global_colors_info=&#8221;{}&#8221;][et_pb_column type=&#8221;4_4&#8243; _builder_version=&#8221;4.23&#8243; _module_preset=&#8221;default&#8221; global_colors_info=&#8221;{}&#8221;][et_pb_text _builder_version=&#8221;4.23&#8243; _module_preset=&#8221;default&#8221; text_font_size=&#8221;16px&#8221; hover_enabled=&#8221;0&#8243; global_colors_info=&#8221;{}&#8221; sticky_enabled=&#8221;0&#8243;]<div class=\"page-header\"> <h1>ELETTO MIGLIOR CAVISTA DI CHAMPAGNE DA GAULT ET MILLAU<\/h1> <\/div> <div class=\"post-body\"> <p><i>Nel numero di settembre\/ottobre 2011, la rivista Gault &#038; Millau ha testato una decina di caviste su Internet. Plus de Bulles \u00e8 stato particolarmente notato!<\/i><\/p> <\/div>[\/et_pb_text][\/et_pb_column][\/et_pb_row][et_pb_row column_structure=&#8221;2_5,3_5&#8243; _builder_version=&#8221;4.23&#8243; _module_preset=&#8221;default&#8221; custom_margin=&#8221;-17px||||false|false&#8221; global_colors_info=&#8221;{}&#8221;][et_pb_column type=&#8221;2_5&#8243; _builder_version=&#8221;4.23&#8243; _module_preset=&#8221;default&#8221; global_colors_info=&#8221;{}&#8221;][et_pb_image src=&#8221;https:\/\/www.plus-de-bulles.com\/blog\/wp-content\/uploads\/2024\/02\/gault_et_millau.jpeg&#8221; title_text=&#8221;gault_et_millau&#8221; _builder_version=&#8221;4.23&#8243; _module_preset=&#8221;default&#8221; global_colors_info=&#8221;{}&#8221;][\/et_pb_image][\/et_pb_column][et_pb_column type=&#8221;3_5&#8243; _builder_version=&#8221;4.23&#8243; _module_preset=&#8221;default&#8221; global_colors_info=&#8221;{}&#8221;][et_pb_text _builder_version=&#8221;4.23&#8243; _module_preset=&#8221;default&#8221; text_font_size=&#8221;15px&#8221; custom_margin=&#8221;6px||||false|false&#8221; hover_enabled=&#8221;0&#8243; global_colors_info=&#8221;{}&#8221; sticky_enabled=&#8221;0&#8243;]<p>Non \u00e8 pi\u00f9 necessario presentare i famosi critici culinari <b>Henri Gault<\/b> e <b>Christian Millau<\/b>, la cui guida gastronomica ha venduto milioni di copie. Ma <b>Gault &amp; Millau<\/b> non \u00e8 solo una guida, \u00e8 anche una rivista il cui 50\u00b0 numero, pubblicato nel settembre 2011, ha dedicato un dossier completo all&#8217;acquisto di vino e champagne su Internet.<\/p> <p>&nbsp;<\/p> <h2><\/h2> <h3>Plus de Bulles&#8230; e gli altri<\/h3> <h2><\/h2> <p>&nbsp;<\/p> <p>Il dossier della rivista <b>Gault &amp; Millau<\/b> includeva anche un test che confrontava <b>Plus de Bulles<\/b> con altri 8 siti web (1855, Wineandco, Ch\u00e2teau-Online&#8230;). I giornalisti che hanno realizzato questo test hanno valutato da un lato il sito, la pertinenza della sua offerta, la facilit\u00e0 d&#8217;uso e la rapidit\u00e0 della consegna, e dall&#8217;altro la qualit\u00e0 del suo champagne di fascia bassa.<\/p>[\/et_pb_text][\/et_pb_column][\/et_pb_row][et_pb_row _builder_version=&#8221;4.23&#8243; _module_preset=&#8221;default&#8221; global_colors_info=&#8221;{}&#8221;][et_pb_column type=&#8221;4_4&#8243; _builder_version=&#8221;4.23&#8243; _module_preset=&#8221;default&#8221; global_colors_info=&#8221;{}&#8221;][et_pb_text _builder_version=&#8221;4.23&#8243; _module_preset=&#8221;default&#8221; text_font_size=&#8221;15px&#8221; hover_enabled=&#8221;0&#8243; global_colors_info=&#8221;{}&#8221; sticky_enabled=&#8221;0&#8243;]<h3>Il pi\u00f9 veloce e il pi\u00f9 economico<\/h3> <p>&nbsp;<\/p> <p>Un test che \u00e8 stato un plebiscito per Plus de Bulles, che \u00e8 stato giudicato sia il sito pi\u00f9 performante in termini di prezzo e consegna, ma il nostro champagne di fascia bassa, il Brut Tradition Veuve Reuther, \u00e8 stato anche il meglio valutato della selezione, a pari merito con altri due champagne, entrambi venduti a circa 8 euro in pi\u00f9!<\/p>[\/et_pb_text][\/et_pb_column][\/et_pb_row][et_pb_row _builder_version=&#8221;4.23&#8243; _module_preset=&#8221;default&#8221; global_colors_info=&#8221;{}&#8221;][et_pb_column type=&#8221;4_4&#8243; _builder_version=&#8221;4.23&#8243; _module_preset=&#8221;default&#8221; global_colors_info=&#8221;{}&#8221;][et_pb_image src=&#8221;https:\/\/www.plus-de-bulles.com\/blog\/wp-content\/uploads\/2024\/02\/banc_d_essai.jpeg&#8221; title_text=&#8221;banc_d_essai&#8221; _builder_version=&#8221;4.23&#8243; _module_preset=&#8221;default&#8221; width=&#8221;100%&#8221; module_alignment=&#8221;center&#8221; global_colors_info=&#8221;{}&#8221;][\/et_pb_image][\/et_pb_column][\/et_pb_row][et_pb_row _builder_version=&#8221;4.23&#8243; _module_preset=&#8221;default&#8221; global_colors_info=&#8221;{}&#8221;][et_pb_column type=&#8221;4_4&#8243; _builder_version=&#8221;4.23&#8243; _module_preset=&#8221;default&#8221; global_colors_info=&#8221;{}&#8221;][et_pb_text _builder_version=&#8221;4.23&#8243; _module_preset=&#8221;default&#8221; global_colors_info=&#8221;{}&#8221;]<h4 style=\"text-align: center\"><span style=\"text-decoration: underline\"><a data-media=\"306\" href=\"https:\/\/d2i4pzk02r8gti.cloudfront.net\/cms\/583c32e664049.pdf\">T\u00c9L\u00c9CHARGER L&#8217;ARTICLE GAULT ET MILLAU AU FORMAT PDF<\/a><\/span><\/h4>[\/et_pb_text][\/et_pb_column][\/et_pb_row][et_pb_row _builder_version=&#8221;4.23&#8243; _module_preset=&#8221;default&#8221; hover_enabled=&#8221;0&#8243; global_colors_info=&#8221;{}&#8221; sticky_enabled=&#8221;0&#8243;][et_pb_column type=&#8221;4_4&#8243; _builder_version=&#8221;4.23&#8243; _module_preset=&#8221;default&#8221; global_colors_info=&#8221;{}&#8221;][et_pb_text _builder_version=&#8221;4.23&#8243; _module_preset=&#8221;default&#8221; hover_enabled=&#8221;0&#8243; global_colors_info=&#8221;{}&#8221; sticky_enabled=&#8221;0&#8243;]<<h3>L&#8217;eccellenza di Plus de Bulles<\/h3> <p><span style=\"color: #000000\">Dalla pubblicazione di questo articolo della rivista <b>Gault &amp; Millau<\/b>, Plus de Bulles ha notevolmente arricchito la sua offerta e la qualit\u00e0 del servizio. Scopri le nuove offerte del 1\u00b0 <a href=\"https:\/\/www.plus-de-bulles.com\/fr\/recherche\" style=\"color: #000000\"><span style=\"text-decoration: underline\">sito di vendita di champagne su Internet<\/span><\/a>.<\/span><\/p> <p><span style=\"color: #000000\">Oggi sono disponibili sul sito quasi 1200 cuv\u00e9e in modo permanente, , champagne consegnabili in 24\/48 ore in tutta la Francia, ma anche in Europa. Cuv\u00e9e rare, come i le Oenoth\u00e8ques <span style=\"text-decoration: underline\"><a href=\"https:\/\/www.plus-de-bulles.com\/fr\/81-champagne-dom-perignon\" style=\"color: #000000;text-decoration: underline\">Dom P\u00e9rignon<\/a><\/span>, ma anche contenitori vari che vanno dalla mezza bottiglia al j\u00e9roboam passando per il magnum.<\/span><\/p>[\/et_pb_text][\/et_pb_column][\/et_pb_row][et_pb_row _builder_version=&#8221;4.23&#8243; _module_preset=&#8221;default&#8221; global_colors_info=&#8221;{}&#8221;][et_pb_column type=&#8221;4_4&#8243; _builder_version=&#8221;4.23&#8243; _module_preset=&#8221;default&#8221; global_colors_info=&#8221;{}&#8221;][et_pb_text _builder_version=&#8221;4.23&#8243; _module_preset=&#8221;default&#8221; hover_enabled=&#8221;0&#8243; global_colors_info=&#8221;{}&#8221; sticky_enabled=&#8221;0&#8243;]<h3>Una qualit\u00e0 riconosciuta<\/h3> <p>La qualit\u00e0 del servizio Plus de Bulles viene valutata costantemente grazie ai servizi della societ\u00e0 <b>Avis V\u00e9rifi\u00e9s<\/b>, un organismo indipendente che raccoglie le opinioni dei nostri clienti in modo completamente trasparente. Il logo <b>Avis V\u00e9rifi\u00e9s<\/b> situato in basso a destra di questa pagina e delle principali pagine del sito, visualizza in tempo reale le ultime opinioni rilasciate dai nostri clienti, nonch\u00e9 un voto su 5. \u00c8 difficile mostrare pi\u00f9 trasparenza e vigilare meglio sulla soddisfazione dei nostri clienti.<\/p>[\/et_pb_text][\/et_pb_column][\/et_pb_row][et_pb_row _builder_version=&#8221;4.23&#8243; _module_preset=&#8221;default&#8221; global_colors_info=&#8221;{}&#8221;][et_pb_column type=&#8221;4_4&#8243; _builder_version=&#8221;4.23&#8243; _module_preset=&#8221;default&#8221; global_colors_info=&#8221;{}&#8221;][et_pb_text _builder_version=&#8221;4.23&#8243; _module_preset=&#8221;default&#8221; hover_enabled=&#8221;0&#8243; global_colors_info=&#8221;{}&#8221; sticky_enabled=&#8221;0&#8243;]<h3><span>Installato nel cuore del vigneto<\/span><\/h3>[\/et_pb_text][\/et_pb_column][\/et_pb_row][et_pb_row column_structure=&#8221;1_4,3_4&#8243; _builder_version=&#8221;4.23&#8243; _module_preset=&#8221;default&#8221; custom_margin=&#8221;-41px||||false|false&#8221; global_colors_info=&#8221;{}&#8221;][et_pb_column type=&#8221;1_4&#8243; _builder_version=&#8221;4.23&#8243; _module_preset=&#8221;default&#8221; global_colors_info=&#8221;{}&#8221;][et_pb_image src=&#8221;https:\/\/www.plus-de-bulles.com\/blog\/wp-content\/uploads\/2024\/02\/marie_et_benjamin.jpeg&#8221; title_text=&#8221;marie_et_benjamin&#8221; _builder_version=&#8221;4.23&#8243; _module_preset=&#8221;default&#8221; global_colors_info=&#8221;{}&#8221;][\/et_pb_image][\/et_pb_column][et_pb_column type=&#8221;3_4&#8243; _builder_version=&#8221;4.23&#8243; _module_preset=&#8221;default&#8221; global_colors_info=&#8221;{}&#8221;][et_pb_text _builder_version=&#8221;4.23&#8243; _module_preset=&#8221;default&#8221; hover_enabled=&#8221;0&#8243; global_colors_info=&#8221;{}&#8221; sticky_enabled=&#8221;0&#8243;]<p><span>Fondato da due champenois, <\/span><b>Marie Servagnat e Benjamin Cherri\u00e8re<\/b><span>, <\/span><b>Plus de Bulles<\/b><span> ha naturalmente installato la sua piattaforma logistica e le sue scorte nella regione. Abbiamo in media 15.000 bottiglie in magazzino in modo permanente, conservate in condizioni ideali di temperatura e umidit\u00e0. Queste scorte, uniche per un sito Internet, ci permettono di rispondere a tutte le richieste e di spedire il vostro ordine lo stesso giorno se effettuato entro le 13:00. Vendiamo solo le cuv\u00e9e che abbiamo in magazzino. Questo vi garantisce di acquistare prodotti realmente disponibili e in stock!<\/span><\/p>[\/et_pb_text][\/et_pb_column][\/et_pb_row][\/et_pb_section]\n","protected":false},"excerpt":{"rendered":"<p>ELETTO MIGLIOR CAVISTA DI CHAMPAGNE DA GAULT ET MILLAU Nel numero di settembre\/ottobre 2011, la rivista Gault &#038; Millau ha testato una decina di caviste su Internet. Plus de Bulles \u00e8 stato particolarmente notato! Non \u00e8 pi\u00f9 necessario presentare i famosi critici culinari Henri Gault e Christian Millau, la cui guida gastronomica ha venduto milioni [&hellip;]<\/p>\n","protected":false},"author":1,"featured_media":0,"parent":0,"menu_order":0,"comment_status":"closed","ping_status":"closed","template":"","meta":{"_et_pb_use_builder":"on","_et_pb_old_content":"","_et_gb_content_width":"","footnotes":""},"yoast_head":"<!-- This site is optimized with the Yoast SEO plugin v20.4 - https:\/\/yoast.com\/wordpress\/plugins\/seo\/ -->\n<title>Eletto miglior cavista di champagne da Gault et Millau<\/title>\n<meta name=\"description\" content=\"La guida Gault et Millau premia il Miglior Cavista di Champagne. Un riconoscimento del nostro impegno per l&#039;eccellenza degli champagne.\" \/>\n<meta name=\"robots\" content=\"index, follow, max-snippet:-1, max-image-preview:large, max-video-preview:-1\" \/>\n<link rel=\"canonical\" href=\"https:\/\/www.plus-de-bulles.it\/blog\/eletto-miglior-cavista-champagne-da-gault-et-millau\/\" \/>\n<meta property=\"og:locale\" content=\"it_IT\" \/>\n<meta property=\"og:type\" content=\"article\" \/>\n<meta property=\"og:title\" content=\"Eletto miglior cavista di champagne da Gault et Millau\" \/>\n<meta property=\"og:description\" content=\"La guida Gault et Millau premia il Miglior Cavista di Champagne. Un riconoscimento del nostro impegno per l&#039;eccellenza degli champagne.\" \/>\n<meta property=\"og:url\" content=\"https:\/\/www.plus-de-bulles.it\/blog\/eletto-miglior-cavista-champagne-da-gault-et-millau\/\" \/>\n<meta property=\"og:site_name\" content=\"Pi\u00f9 consigli su Bulles\" \/>\n<meta property=\"article:modified_time\" content=\"2024-06-24T12:40:10+00:00\" \/>\n<meta name=\"twitter:card\" content=\"summary_large_image\" \/>\n<meta name=\"twitter:label1\" content=\"Est. reading time\" \/>\n\t<meta name=\"twitter:data1\" content=\"4 minuti\" \/>\n<script type=\"application\/ld+json\" class=\"yoast-schema-graph\">{\"@context\":\"https:\/\/schema.org\",\"@graph\":[{\"@type\":\"WebPage\",\"@id\":\"https:\/\/www.plus-de-bulles.it\/blog\/eletto-miglior-cavista-champagne-da-gault-et-millau\/\",\"url\":\"https:\/\/www.plus-de-bulles.it\/blog\/eletto-miglior-cavista-champagne-da-gault-et-millau\/\",\"name\":\"Eletto miglior cavista di champagne da Gault et Millau\",\"isPartOf\":{\"@id\":\"https:\/\/www.plus-de-bulles.it\/blog\/#website\"},\"datePublished\":\"2024-02-01T13:41:31+00:00\",\"dateModified\":\"2024-06-24T12:40:10+00:00\",\"description\":\"La guida Gault et Millau premia il Miglior Cavista di Champagne. Un riconoscimento del nostro impegno per l'eccellenza degli champagne.\",\"breadcrumb\":{\"@id\":\"https:\/\/www.plus-de-bulles.it\/blog\/eletto-miglior-cavista-champagne-da-gault-et-millau\/#breadcrumb\"},\"inLanguage\":\"it-IT\",\"potentialAction\":[{\"@type\":\"ReadAction\",\"target\":[\"https:\/\/www.plus-de-bulles.it\/blog\/eletto-miglior-cavista-champagne-da-gault-et-millau\/\"]}]},{\"@type\":\"BreadcrumbList\",\"@id\":\"https:\/\/www.plus-de-bulles.it\/blog\/eletto-miglior-cavista-champagne-da-gault-et-millau\/#breadcrumb\",\"itemListElement\":[{\"@type\":\"ListItem\",\"position\":1,\"name\":\"Home\",\"item\":\"https:\/\/www.plus-de-bulles.it\/blog\/\"},{\"@type\":\"ListItem\",\"position\":2,\"name\":\"Eletto miglior cavista di champagne da Gault et Millau\"}]},{\"@type\":\"WebSite\",\"@id\":\"https:\/\/www.plus-de-bulles.it\/blog\/#website\",\"url\":\"https:\/\/www.plus-de-bulles.it\/blog\/\",\"name\":\"Pi\u00f9 consigli su Bulles\",\"description\":\"\",\"potentialAction\":[{\"@type\":\"SearchAction\",\"target\":{\"@type\":\"EntryPoint\",\"urlTemplate\":\"https:\/\/www.plus-de-bulles.it\/blog\/?s={search_term_string}\"},\"query-input\":\"required name=search_term_string\"}],\"inLanguage\":\"it-IT\"}]}<\/script>\n<!-- \/ Yoast SEO plugin. -->","yoast_head_json":{"title":"Eletto miglior cavista di champagne da Gault et Millau","description":"La guida Gault et Millau premia il Miglior Cavista di Champagne. Un riconoscimento del nostro impegno per l'eccellenza degli champagne.","robots":{"index":"index","follow":"follow","max-snippet":"max-snippet:-1","max-image-preview":"max-image-preview:large","max-video-preview":"max-video-preview:-1"},"canonical":"https:\/\/www.plus-de-bulles.it\/blog\/eletto-miglior-cavista-champagne-da-gault-et-millau\/","og_locale":"it_IT","og_type":"article","og_title":"Eletto miglior cavista di champagne da Gault et Millau","og_description":"La guida Gault et Millau premia il Miglior Cavista di Champagne. Un riconoscimento del nostro impegno per l'eccellenza degli champagne.","og_url":"https:\/\/www.plus-de-bulles.it\/blog\/eletto-miglior-cavista-champagne-da-gault-et-millau\/","og_site_name":"Pi\u00f9 consigli su Bulles","article_modified_time":"2024-06-24T12:40:10+00:00","twitter_card":"summary_large_image","twitter_misc":{"Est. reading time":"4 minuti"},"schema":{"@context":"https:\/\/schema.org","@graph":[{"@type":"WebPage","@id":"https:\/\/www.plus-de-bulles.it\/blog\/eletto-miglior-cavista-champagne-da-gault-et-millau\/","url":"https:\/\/www.plus-de-bulles.it\/blog\/eletto-miglior-cavista-champagne-da-gault-et-millau\/","name":"Eletto miglior cavista di champagne da Gault et Millau","isPartOf":{"@id":"https:\/\/www.plus-de-bulles.it\/blog\/#website"},"datePublished":"2024-02-01T13:41:31+00:00","dateModified":"2024-06-24T12:40:10+00:00","description":"La guida Gault et Millau premia il Miglior Cavista di Champagne. Un riconoscimento del nostro impegno per l'eccellenza degli champagne.","breadcrumb":{"@id":"https:\/\/www.plus-de-bulles.it\/blog\/eletto-miglior-cavista-champagne-da-gault-et-millau\/#breadcrumb"},"inLanguage":"it-IT","potentialAction":[{"@type":"ReadAction","target":["https:\/\/www.plus-de-bulles.it\/blog\/eletto-miglior-cavista-champagne-da-gault-et-millau\/"]}]},{"@type":"BreadcrumbList","@id":"https:\/\/www.plus-de-bulles.it\/blog\/eletto-miglior-cavista-champagne-da-gault-et-millau\/#breadcrumb","itemListElement":[{"@type":"ListItem","position":1,"name":"Home","item":"https:\/\/www.plus-de-bulles.it\/blog\/"},{"@type":"ListItem","position":2,"name":"Eletto miglior cavista di champagne da Gault et Millau"}]},{"@type":"WebSite","@id":"https:\/\/www.plus-de-bulles.it\/blog\/#website","url":"https:\/\/www.plus-de-bulles.it\/blog\/","name":"Pi\u00f9 consigli su Bulles","description":"","potentialAction":[{"@type":"SearchAction","target":{"@type":"EntryPoint","urlTemplate":"https:\/\/www.plus-de-bulles.it\/blog\/?s={search_term_string}"},"query-input":"required name=search_term_string"}],"inLanguage":"it-IT"}]}},"_links":{"self":[{"href":"https:\/\/www.plus-de-bulles.it\/blog\/wp-json\/wp\/v2\/pages\/22834"}],"collection":[{"href":"https:\/\/www.plus-de-bulles.it\/blog\/wp-json\/wp\/v2\/pages"}],"about":[{"href":"https:\/\/www.plus-de-bulles.it\/blog\/wp-json\/wp\/v2\/types\/page"}],"author":[{"embeddable":true,"href":"https:\/\/www.plus-de-bulles.it\/blog\/wp-json\/wp\/v2\/users\/1"}],"replies":[{"embeddable":true,"href":"https:\/\/www.plus-de-bulles.it\/blog\/wp-json\/wp\/v2\/comments?post=22834"}],"version-history":[{"count":4,"href":"https:\/\/www.plus-de-bulles.it\/blog\/wp-json\/wp\/v2\/pages\/22834\/revisions"}],"predecessor-version":[{"id":26305,"href":"https:\/\/www.plus-de-bulles.it\/blog\/wp-json\/wp\/v2\/pages\/22834\/revisions\/26305"}],"wp:attachment":[{"href":"https:\/\/www.plus-de-bulles.it\/blog\/wp-json\/wp\/v2\/media?parent=22834"}],"curies":[{"name":"wp","href":"https:\/\/api.w.org\/{rel}","templated":true}]}}