{"id":22830,"date":"2024-02-01T12:27:48","date_gmt":"2024-02-01T11:27:48","guid":{"rendered":"https:\/\/www.plus-de-bulles.com\/blog\/?page_id=22830"},"modified":"2024-06-24T14:41:09","modified_gmt":"2024-06-24T12:41:09","slug":"privacy-policy-1","status":"publish","type":"page","link":"https:\/\/www.plus-de-bulles.it\/blog\/privacy-policy-1\/","title":{"rendered":"Privacy policy"},"content":{"rendered":"\n[et_pb_section fb_built=&#8221;1&#8243; _builder_version=&#8221;4.23&#8243; _module_preset=&#8221;default&#8221; global_colors_info=&#8221;{}&#8221;][et_pb_row _builder_version=&#8221;4.23&#8243; _module_preset=&#8221;default&#8221; global_colors_info=&#8221;{}&#8221;][et_pb_column type=&#8221;4_4&#8243; _builder_version=&#8221;4.23&#8243; _module_preset=&#8221;default&#8221; global_colors_info=&#8221;{}&#8221;][et_pb_text _builder_version=&#8221;4.23&#8243; _module_preset=&#8221;default&#8221; text_font_size=&#8221;15px&#8221; hover_enabled=&#8221;0&#8243; global_colors_info=&#8221;{}&#8221; sticky_enabled=&#8221;0&#8243;]<h2>POLITICA DI CONFIDENZIALIT\u00c0<\/h2> <p>Questa pagina descrive la politica di confidenzialit\u00e0 del sito Plus-de-Bulles.it. La nostra politica di confidenzialit\u00e0 mira a proteggere i dati personali raccolti quando un visitatore accede a questo sito. Descrive quali dati vengono raccolti, come vengono protetti, con chi e in quali condizioni vengono condivisi, se del caso. L&#8217;obiettivo principale di questa raccolta \u00e8 migliorare l&#8217;esperienza di navigazione e di acquisto dei suoi clienti e visitatori.<br \/>Plus de Bulles SARL, registrata presso il RCS di Reims con il numero 497 905 349, \u00e8 responsabile del trattamento dei dati personali dei visitatori dei suoi siti web.<\/p>[\/et_pb_text][et_pb_text _builder_version=&#8221;4.23&#8243; _module_preset=&#8221;default&#8221; text_font_size=&#8221;15px&#8221; hover_enabled=&#8221;0&#8243; global_colors_info=&#8221;{}&#8221; sticky_enabled=&#8221;0&#8243;]<h2>1. Raccolta dei dati<\/h2>\n<p>Plus de Bulles raccoglie dati quando:<\/p>\n<ul>\n<li>navigate su Plus-de-bulles.it<\/li>\n<li>create un account<\/li>\n<li>vi iscrivete alla newsletter<\/li>\n<li>ricevete le newsletter<\/li>\n<li>scegliete le vostre preferenze per le newsletter<\/li>\n<li>scegliete di essere avvisati per la disponibilit\u00e0 di un prodotto<\/li>\n<li>acquistate un prodotto<\/li>\n<li>contattate il nostro servizio clienti<\/li>\n<\/ul>\n<p><span>Raccogliamo i seguenti dati:<\/span><\/p>\n<ul>\n<li>Dati personali: titolo, nome, cognome, data di nascita, e-mail, indirizzo di consegna e fatturazione<\/li>\n<li>Dati di creazione dell&#8217;account: password (crittografata e impossibile da visualizzare in chiaro) e identificativo utente<\/li>\n<li>Dati di navigazione: orari di connessione, cronologia di navigazione, dispositivo e browser utilizzati, informazioni demografiche<\/li>\n<li>Aperture di e-mail e clic sui link<\/li>\n<li>Cronologia degli acquisti e dati relativi agli ordini: date, prodotti e quantit\u00e0 ordinate<\/li>\n<\/ul>\n<p>Plus de Bulles raccoglie anche dati da partner come il tracciamento dei pacchi fornito dai nostri trasportatori o lo stato di preparazione dell&#8217;ordine fornito dal nostro logistico.<\/p>[\/et_pb_text][et_pb_text _builder_version=&#8221;4.23&#8243; _module_preset=&#8221;default&#8221; text_font_size=&#8221;15px&#8221; hover_enabled=&#8221;0&#8243; global_colors_info=&#8221;{}&#8221; sticky_enabled=&#8221;0&#8243;]<h2>2. Trattamento e utilizzo dei dati<\/h2>\n<ul>\n<li>Utilizziamo le vostre coordinate postali per farvi pervenire i vostri prodotti nelle migliori condizioni o risolvere nel pi\u00f9 breve tempo possibile eventuali incidenti. Queste informazioni saranno conservate nel rispetto degli obblighi legali e normativi (fatturazione, pagamenti, controversie, ecc.).<\/li>\n<li>Utilizziamo i vostri dati di navigazione per migliorare e personalizzare la vostra esperienza su Plus-de-bulles.com. Possiamo ad esempio suggerirvi prodotti correlati ai vostri precedenti ordini e ai giudizi dati sui prodotti precedentemente ordinati.<\/li>\n<li>Utilizziamo i vostri dati per inviarvi promozioni e newsletter. Segmentiamo le nostre offerte in base ai vostri dati e alla vostra cronologia commerciale.<\/li>\n<li>Utilizziamo i vostri dati di navigazione e li aggregiamo con quelli di tutti i nostri visitatori per ottenere dati di audience e rilevare le tendenze.<\/li>\n<li>Utilizziamo i vostri dati per ottimizzare la pertinenza dei nostri messaggi promozionali online. I nostri partner pubblicitari utilizzano una parte dei dati di navigazione per diffondere i messaggi pubblicitari solo ai contatti che hanno navigato su Plus-de-bulles.it.<\/li>\n<\/ul>[\/et_pb_text][\/et_pb_column][\/et_pb_row][\/et_pb_section]\n","protected":false},"excerpt":{"rendered":"<p>POLITICA DI CONFIDENZIALIT\u00c0 Questa pagina descrive la politica di confidenzialit\u00e0 del sito Plus-de-Bulles.it. La nostra politica di confidenzialit\u00e0 mira a proteggere i dati personali raccolti quando un visitatore accede a questo sito. Descrive quali dati vengono raccolti, come vengono protetti, con chi e in quali condizioni vengono condivisi, se del caso. L&#8217;obiettivo principale di questa [&hellip;]<\/p>\n","protected":false},"author":1,"featured_media":0,"parent":0,"menu_order":0,"comment_status":"closed","ping_status":"closed","template":"","meta":{"_et_pb_use_builder":"on","_et_pb_old_content":"","_et_gb_content_width":"","footnotes":""},"yoast_head":"<!-- This site is optimized with the Yoast SEO plugin v20.4 - https:\/\/yoast.com\/wordpress\/plugins\/seo\/ -->\n<title>Privacy policy<\/title>\n<meta name=\"robots\" content=\"index, follow, max-snippet:-1, max-image-preview:large, max-video-preview:-1\" \/>\n<link rel=\"canonical\" href=\"https:\/\/www.plus-de-bulles.it\/blog\/privacy-policy-1\/\" \/>\n<meta property=\"og:locale\" content=\"it_IT\" \/>\n<meta property=\"og:type\" content=\"article\" \/>\n<meta property=\"og:title\" content=\"Privacy policy\" \/>\n<meta property=\"og:description\" content=\"POLITICA DI CONFIDENZIALIT\u00c0 Questa pagina descrive la politica di confidenzialit\u00e0 del sito Plus-de-Bulles.it. La nostra politica di confidenzialit\u00e0 mira a proteggere i dati personali raccolti quando un visitatore accede a questo sito. Descrive quali dati vengono raccolti, come vengono protetti, con chi e in quali condizioni vengono condivisi, se del caso. L&#039;obiettivo principale di questa [&hellip;]\" \/>\n<meta property=\"og:url\" content=\"https:\/\/www.plus-de-bulles.it\/blog\/privacy-policy-1\/\" \/>\n<meta property=\"og:site_name\" content=\"Pi\u00f9 consigli su Bulles\" \/>\n<meta property=\"article:modified_time\" content=\"2024-06-24T12:41:09+00:00\" \/>\n<meta name=\"twitter:card\" content=\"summary_large_image\" \/>\n<meta name=\"twitter:label1\" content=\"Est. reading time\" \/>\n\t<meta name=\"twitter:data1\" content=\"3 minuti\" \/>\n<script type=\"application\/ld+json\" class=\"yoast-schema-graph\">{\"@context\":\"https:\/\/schema.org\",\"@graph\":[{\"@type\":\"WebPage\",\"@id\":\"https:\/\/www.plus-de-bulles.it\/blog\/privacy-policy-1\/\",\"url\":\"https:\/\/www.plus-de-bulles.it\/blog\/privacy-policy-1\/\",\"name\":\"Privacy policy\",\"isPartOf\":{\"@id\":\"https:\/\/www.plus-de-bulles.it\/blog\/#website\"},\"datePublished\":\"2024-02-01T11:27:48+00:00\",\"dateModified\":\"2024-06-24T12:41:09+00:00\",\"breadcrumb\":{\"@id\":\"https:\/\/www.plus-de-bulles.it\/blog\/privacy-policy-1\/#breadcrumb\"},\"inLanguage\":\"it-IT\",\"potentialAction\":[{\"@type\":\"ReadAction\",\"target\":[\"https:\/\/www.plus-de-bulles.it\/blog\/privacy-policy-1\/\"]}]},{\"@type\":\"BreadcrumbList\",\"@id\":\"https:\/\/www.plus-de-bulles.it\/blog\/privacy-policy-1\/#breadcrumb\",\"itemListElement\":[{\"@type\":\"ListItem\",\"position\":1,\"name\":\"Home\",\"item\":\"https:\/\/www.plus-de-bulles.it\/blog\/\"},{\"@type\":\"ListItem\",\"position\":2,\"name\":\"Privacy policy\"}]},{\"@type\":\"WebSite\",\"@id\":\"https:\/\/www.plus-de-bulles.it\/blog\/#website\",\"url\":\"https:\/\/www.plus-de-bulles.it\/blog\/\",\"name\":\"Pi\u00f9 consigli su Bulles\",\"description\":\"\",\"potentialAction\":[{\"@type\":\"SearchAction\",\"target\":{\"@type\":\"EntryPoint\",\"urlTemplate\":\"https:\/\/www.plus-de-bulles.it\/blog\/?s={search_term_string}\"},\"query-input\":\"required name=search_term_string\"}],\"inLanguage\":\"it-IT\"}]}<\/script>\n<!-- \/ Yoast SEO plugin. -->","yoast_head_json":{"title":"Privacy policy","robots":{"index":"index","follow":"follow","max-snippet":"max-snippet:-1","max-image-preview":"max-image-preview:large","max-video-preview":"max-video-preview:-1"},"canonical":"https:\/\/www.plus-de-bulles.it\/blog\/privacy-policy-1\/","og_locale":"it_IT","og_type":"article","og_title":"Privacy policy","og_description":"POLITICA DI CONFIDENZIALIT\u00c0 Questa pagina descrive la politica di confidenzialit\u00e0 del sito Plus-de-Bulles.it. La nostra politica di confidenzialit\u00e0 mira a proteggere i dati personali raccolti quando un visitatore accede a questo sito. Descrive quali dati vengono raccolti, come vengono protetti, con chi e in quali condizioni vengono condivisi, se del caso. L'obiettivo principale di questa [&hellip;]","og_url":"https:\/\/www.plus-de-bulles.it\/blog\/privacy-policy-1\/","og_site_name":"Pi\u00f9 consigli su Bulles","article_modified_time":"2024-06-24T12:41:09+00:00","twitter_card":"summary_large_image","twitter_misc":{"Est. reading time":"3 minuti"},"schema":{"@context":"https:\/\/schema.org","@graph":[{"@type":"WebPage","@id":"https:\/\/www.plus-de-bulles.it\/blog\/privacy-policy-1\/","url":"https:\/\/www.plus-de-bulles.it\/blog\/privacy-policy-1\/","name":"Privacy policy","isPartOf":{"@id":"https:\/\/www.plus-de-bulles.it\/blog\/#website"},"datePublished":"2024-02-01T11:27:48+00:00","dateModified":"2024-06-24T12:41:09+00:00","breadcrumb":{"@id":"https:\/\/www.plus-de-bulles.it\/blog\/privacy-policy-1\/#breadcrumb"},"inLanguage":"it-IT","potentialAction":[{"@type":"ReadAction","target":["https:\/\/www.plus-de-bulles.it\/blog\/privacy-policy-1\/"]}]},{"@type":"BreadcrumbList","@id":"https:\/\/www.plus-de-bulles.it\/blog\/privacy-policy-1\/#breadcrumb","itemListElement":[{"@type":"ListItem","position":1,"name":"Home","item":"https:\/\/www.plus-de-bulles.it\/blog\/"},{"@type":"ListItem","position":2,"name":"Privacy policy"}]},{"@type":"WebSite","@id":"https:\/\/www.plus-de-bulles.it\/blog\/#website","url":"https:\/\/www.plus-de-bulles.it\/blog\/","name":"Pi\u00f9 consigli su Bulles","description":"","potentialAction":[{"@type":"SearchAction","target":{"@type":"EntryPoint","urlTemplate":"https:\/\/www.plus-de-bulles.it\/blog\/?s={search_term_string}"},"query-input":"required name=search_term_string"}],"inLanguage":"it-IT"}]}},"_links":{"self":[{"href":"https:\/\/www.plus-de-bulles.it\/blog\/wp-json\/wp\/v2\/pages\/22830"}],"collection":[{"href":"https:\/\/www.plus-de-bulles.it\/blog\/wp-json\/wp\/v2\/pages"}],"about":[{"href":"https:\/\/www.plus-de-bulles.it\/blog\/wp-json\/wp\/v2\/types\/page"}],"author":[{"embeddable":true,"href":"https:\/\/www.plus-de-bulles.it\/blog\/wp-json\/wp\/v2\/users\/1"}],"replies":[{"embeddable":true,"href":"https:\/\/www.plus-de-bulles.it\/blog\/wp-json\/wp\/v2\/comments?post=22830"}],"version-history":[{"count":4,"href":"https:\/\/www.plus-de-bulles.it\/blog\/wp-json\/wp\/v2\/pages\/22830\/revisions"}],"predecessor-version":[{"id":26307,"href":"https:\/\/www.plus-de-bulles.it\/blog\/wp-json\/wp\/v2\/pages\/22830\/revisions\/26307"}],"wp:attachment":[{"href":"https:\/\/www.plus-de-bulles.it\/blog\/wp-json\/wp\/v2\/media?parent=22830"}],"curies":[{"name":"wp","href":"https:\/\/api.w.org\/{rel}","templated":true}]}}